{"id":18,"date":"2024-08-03T13:01:06","date_gmt":"2024-08-03T13:01:06","guid":{"rendered":"https:\/\/unioncasaguidonia.it\/?page_id=18"},"modified":"2024-08-03T13:34:40","modified_gmt":"2024-08-03T13:34:40","slug":"i-nostri-servizi","status":"publish","type":"page","link":"https:\/\/unioncasaguidonia.it\/index.php\/i-nostri-servizi\/","title":{"rendered":"I nostri servizi"},"content":{"rendered":"<div class=\"wpb-content-wrapper\"><p>[vc_row][vc_column][vc_custom_heading text=&#8221;I nostri Servizi&#8221; font_container=&#8221;tag:h2|font_size:75|text_align:center|color:%23263068&#8243; use_theme_fonts=&#8221;yes&#8221; css_animation=&#8221;fadeInUp&#8221; css=&#8221;&#8221;][\/vc_column][\/vc_row][vc_row full_width=&#8221;stretch_row&#8221; css_animation=&#8221;fadeInDown&#8221; css=&#8221;.vc_custom_1722691164002{background-color: #263068 !important;}&#8221;][vc_column][vc_custom_heading text=&#8221;Ci impegniamo per tutelare ed assistere i proprietari di immobili in diversi modi. Scopri i nostri servizi:&#8221; font_container=&#8221;tag:h2|font_size:30|text_align:left|color:%23ffffff&#8221; use_theme_fonts=&#8221;yes&#8221; css_animation=&#8221;fadeIn&#8221; css=&#8221;&#8221;][vc_tta_tour][vc_tta_section i_icon_fontawesome=&#8221;fas fa-calculator&#8221; add_icon=&#8221;true&#8221; title=&#8221;Calcolo Canone Concordato&#8221; tab_id=&#8221;1722690125383-2890aa0b-9c6c&#8221;][vc_column_text css=&#8221;&#8221;]<\/p>\n<p>L\u2019affitto a\u00a0<strong><em>canone concordato<\/em><\/strong>\u00a0\u00e8 un\u2019opzione prevista dalla legge che permette di usufruire della\u00a0<strong>cedolare secca al 10% e della riduzione della tassazione IMU del 25%.<\/strong><br \/><strong>In pochi e semplici passi effettuiamo il calcolo del canone massimo richiedibile, anche online e anche ai non associati.<\/strong><\/p>\n<p>[\/vc_column_text][\/vc_tta_section][vc_tta_section i_icon_fontawesome=&#8221;far fa-file-word&#8221; add_icon=&#8221;true&#8221; title=&#8221;Stesura e asseverazione contratti a canone concordato&#8221; tab_id=&#8221;1722690125383-8dbb8a07-d1cb&#8221;][vc_column_text css=&#8221;&#8221;]<\/p>\n<p>Forniamo a tutti i nostri associati forniamo bozze di contratto in formato Microsoft Word, e\u00a0<strong>includiamo due asseverazioni nella quota associativa.<\/strong><\/p>\n<p>[\/vc_column_text][\/vc_tta_section][vc_tta_section i_icon_fontawesome=&#8221;fas fa-slash&#8221; add_icon=&#8221;true&#8221; title=&#8221;Cancellazione ipoteche e pignoramenti&#8221; tab_id=&#8221;1722690840256-cc44c715-04b7&#8243;][vc_column_text css=&#8221;&#8221;]<\/p>\n<p>Ci occupiamo in prima persona di tutte la procedure necessarie alla\u00a0<strong>cancellazione di ipoteche giudiziali e pignoramenti<\/strong>.<\/p>\n<div class=\"wp-block-buttons is-layout-flex wp-block-buttons-is-layout-flex\">\u00a0<\/div>\n<p>[\/vc_column_text][\/vc_tta_section][vc_tta_section i_icon_fontawesome=&#8221;fas fa-file-signature&#8221; add_icon=&#8221;true&#8221; title=&#8221;Registrazione contratti presso Agenzia delle Entrate&#8221; tab_id=&#8221;1722690874849-e9b9732c-51d7&#8243;][vc_column_text css=&#8221;&#8221;]<\/p>\n<p>Effettuiamo invii telematici presso l\u2019ADE per tutti i nostri associati.<\/p>\n<p>[\/vc_column_text][\/vc_tta_section][vc_tta_section i_icon_fontawesome=&#8221;fas fa-scroll&#8221; add_icon=&#8221;true&#8221; title=&#8221;Successione&#8221; tab_id=&#8221;1722690900213-cbcac290-eeb4&#8243;][vc_column_text css=&#8221;&#8221;]<\/p>\n<p>La nostra assistenza riguardo la Successione semplifica il trasferimento di propriet\u00e0 nel settore immobiliare. Il team esperto di Unioncasa garantisce un processo senza intoppi e conforme alle normative, proteggendo gli interessi dei clienti in ogni fase. Affidati a noi per una gestione professionale e sicura della successione immobiliare.<\/p>\n<p>[\/vc_column_text][\/vc_tta_section][vc_tta_section i_icon_fontawesome=&#8221;far fa-lightbulb&#8221; add_icon=&#8221;true&#8221; title=&#8221;APE (Attestato di Prestazione Energetica)&#8221; tab_id=&#8221;1722690931150-40c69c9a-727b&#8221;][vc_column_text css=&#8221;&#8221;]<\/p>\n<p>L&#8217;attestato di prestazione energetica\u00a0<em>APE<\/em> \u00e8 un documento che sintetizza le caratteristiche energetiche ed il consumo di un edificio. Non \u00e8 solo una questione di crescente sensibilit\u00e0 nei confronti della sostenibilit\u00e0 o di attenzione ai costi, ma anche di rispetto di una serie di<b>\u00a0regole<\/b>,\u00a0<b>in vigore ormai dal 2015,\u00a0<\/b>che stabiliscono i<b>\u00a0requisiti minimi di prestazione energetica<\/b>\u00a0degli edifici.<\/p>\n<p>[\/vc_column_text][\/vc_tta_section][vc_tta_section i_icon_fontawesome=&#8221;fas fa-hands-helping&#8221; add_icon=&#8221;true&#8221; title=&#8221;Le nostre assistenze&#8221; tab_id=&#8221;1722690934017-a3fad41f-2eb5&#8243;][vc_column_text css=&#8221;&#8221;]<\/p>\n<p>Offriamo ai nostri associati tutti tipi di assistenza possibile in base alle varie esigenze:<br \/>\u2013\u00a0<strong>Assistenza Fiscale<\/strong><br \/>\u2013\u00a0<strong>Assistenza Legale<br \/><\/strong>\u2013<strong>\u00a0Assistenza Condominiale<\/strong><br \/>Tutti questi tre servizi sono compresi nella quota associativa.<\/p>\n<p>[\/vc_column_text][\/vc_tta_section][\/vc_tta_tour][vc_empty_space][vc_separator css=&#8221;&#8221;][vc_custom_heading text=&#8221;Contattaci subito e richiedi tutte le informazioni di cui hai bisogno:&#8221; font_container=&#8221;tag:h2|font_size:30|text_align:left|color:%23ffffff&#8221; use_theme_fonts=&#8221;yes&#8221; css_animation=&#8221;fadeIn&#8221; css=&#8221;&#8221;]\n<div class=\"wpcf7 no-js\" id=\"wpcf7-f7-o1\" lang=\"it-IT\" dir=\"ltr\">\n<div class=\"screen-reader-response\"><p role=\"status\" aria-live=\"polite\" aria-atomic=\"true\"><\/p> <ul><\/ul><\/div>\n<form action=\"\/index.php\/wp-json\/wp\/v2\/pages\/18#wpcf7-f7-o1\" method=\"post\" class=\"wpcf7-form init\" aria-label=\"Modulo di contatto\" novalidate=\"novalidate\" data-status=\"init\">\n<div style=\"display: none;\">\n<input type=\"hidden\" name=\"_wpcf7\" value=\"7\" \/>\n<input type=\"hidden\" name=\"_wpcf7_version\" value=\"5.9.8\" \/>\n<input type=\"hidden\" name=\"_wpcf7_locale\" value=\"it_IT\" \/>\n<input type=\"hidden\" name=\"_wpcf7_unit_tag\" value=\"wpcf7-f7-o1\" \/>\n<input type=\"hidden\" name=\"_wpcf7_container_post\" value=\"0\" \/>\n<input type=\"hidden\" name=\"_wpcf7_posted_data_hash\" value=\"\" \/>\n<\/div>\n<p><label> Il tuo nome<br \/>\n<span class=\"wpcf7-form-control-wrap\" data-name=\"your-name\"><input size=\"40\" maxlength=\"400\" class=\"wpcf7-form-control wpcf7-text wpcf7-validates-as-required\" autocomplete=\"name\" aria-required=\"true\" aria-invalid=\"false\" value=\"\" type=\"text\" name=\"your-name\" \/><\/span> <\/label>\n<\/p>\n<p><label> La tua email<br \/>\n<span class=\"wpcf7-form-control-wrap\" data-name=\"your-email\"><input size=\"40\" maxlength=\"400\" class=\"wpcf7-form-control wpcf7-email wpcf7-validates-as-required wpcf7-text wpcf7-validates-as-email\" autocomplete=\"email\" aria-required=\"true\" aria-invalid=\"false\" value=\"\" type=\"email\" name=\"your-email\" \/><\/span> <\/label>\n<\/p>\n<p><label> Oggetto<br \/>\n<span class=\"wpcf7-form-control-wrap\" data-name=\"your-subject\"><input size=\"40\" maxlength=\"400\" class=\"wpcf7-form-control wpcf7-text wpcf7-validates-as-required\" aria-required=\"true\" aria-invalid=\"false\" value=\"\" type=\"text\" name=\"your-subject\" \/><\/span> <\/label>\n<\/p>\n<p><label> Come possiamo aiutarti<br \/>\n<span class=\"wpcf7-form-control-wrap\" data-name=\"your-message\"><textarea cols=\"40\" rows=\"10\" maxlength=\"2000\" class=\"wpcf7-form-control wpcf7-textarea\" aria-invalid=\"false\" name=\"your-message\"><\/textarea><\/span> <\/label>\n<\/p>\n<p><input class=\"wpcf7-form-control wpcf7-submit has-spinner\" type=\"submit\" value=\"Invia\" \/>\n<\/p><p style=\"display: none !important;\" class=\"akismet-fields-container\" data-prefix=\"_wpcf7_ak_\"><label>&#916;<textarea name=\"_wpcf7_ak_hp_textarea\" cols=\"45\" rows=\"8\" maxlength=\"100\"><\/textarea><\/label><input type=\"hidden\" id=\"ak_js_1\" name=\"_wpcf7_ak_js\" value=\"22\"\/><script>document.getElementById( \"ak_js_1\" ).setAttribute( \"value\", ( new Date() ).getTime() );<\/script><\/p><div class=\"wpcf7-response-output\" aria-hidden=\"true\"><\/div>\n<\/form>\n<\/div>\n[\/vc_column][\/vc_row]<\/p>\n<\/div>","protected":false},"excerpt":{"rendered":"<p>[vc_row][vc_column][vc_custom_heading text=&#8221;I nostri Servizi&#8221; font_container=&#8221;tag:h2|font_size:75|text_align:center|color:%23263068&#8243; use_theme_fonts=&#8221;yes&#8221; css_animation=&#8221;fadeInUp&#8221; css=&#8221;&#8221;][\/vc_column][\/vc_row][vc_row full_width=&#8221;stretch_row&#8221; css_animation=&#8221;fadeInDown&#8221; css=&#8221;.vc_custom_1722691164002{background-color: #263068 !important;}&#8221;][vc_column][vc_custom_heading text=&#8221;Ci impegniamo per tutelare ed assistere i proprietari di immobili in diversi modi. Scopri i nostri servizi:&#8221; font_container=&#8221;tag:h2|font_size:30|text_align:left|color:%23ffffff&#8221; use_theme_fonts=&#8221;yes&#8221; css_animation=&#8221;fadeIn&#8221; css=&#8221;&#8221;][vc_tta_tour][vc_tta_section i_icon_fontawesome=&#8221;fas fa-calculator&#8221; add_icon=&#8221;true&#8221; title=&#8221;Calcolo Canone Concordato&#8221; tab_id=&#8221;1722690125383-2890aa0b-9c6c&#8221;][vc_column_text css=&#8221;&#8221;] L\u2019affitto a\u00a0canone concordato\u00a0\u00e8 un\u2019opzione prevista dalla legge che [&hellip;]<\/p>\n","protected":false},"author":1,"featured_media":0,"parent":0,"menu_order":0,"comment_status":"closed","ping_status":"closed","template":"","meta":{"_joinchat":[],"footnotes":""},"class_list":["post-18","page","type-page","status-publish","hentry"],"_links":{"self":[{"href":"https:\/\/unioncasaguidonia.it\/index.php\/wp-json\/wp\/v2\/pages\/18","targetHints":{"allow":["GET"]}}],"collection":[{"href":"https:\/\/unioncasaguidonia.it\/index.php\/wp-json\/wp\/v2\/pages"}],"about":[{"href":"https:\/\/unioncasaguidonia.it\/index.php\/wp-json\/wp\/v2\/types\/page"}],"author":[{"embeddable":true,"href":"https:\/\/unioncasaguidonia.it\/index.php\/wp-json\/wp\/v2\/users\/1"}],"replies":[{"embeddable":true,"href":"https:\/\/unioncasaguidonia.it\/index.php\/wp-json\/wp\/v2\/comments?post=18"}],"version-history":[{"count":8,"href":"https:\/\/unioncasaguidonia.it\/index.php\/wp-json\/wp\/v2\/pages\/18\/revisions"}],"predecessor-version":[{"id":28,"href":"https:\/\/unioncasaguidonia.it\/index.php\/wp-json\/wp\/v2\/pages\/18\/revisions\/28"}],"wp:attachment":[{"href":"https:\/\/unioncasaguidonia.it\/index.php\/wp-json\/wp\/v2\/media?parent=18"}],"curies":[{"name":"wp","href":"https:\/\/api.w.org\/{rel}","templated":true}]}}